{"id":702,"date":"2020-04-29T21:55:06","date_gmt":"2020-04-29T20:55:06","guid":{"rendered":"https:\/\/www.sdis-etraz-region.ch\/?page_id=702"},"modified":"2020-04-29T22:08:15","modified_gmt":"2020-04-29T21:08:15","slug":"feux-en-plein-air","status":"publish","type":"page","link":"https:\/\/www.sdis-etraz-region.ch\/index.php\/prevention\/ete\/feux-en-plein-air\/","title":{"rendered":"Feux en plein air"},"content":{"rendered":"<p>[vc_row][vc_column][vc_single_image image=&#8221;703&#8243; img_size=&#8221;800&#215;579&#8243; alignment=&#8221;center&#8221;][vc_empty_space height=&#8221;20px&#8221;][vc_column_text]<\/p>\n<blockquote><p><i>Grillez vos cervelas, pas la for\u00eat!<\/i><\/p><\/blockquote>\n<p>Une fois les beaux jours arriv\u00e9s, qui n\u2019a jamais eu l\u2019id\u00e9e de partir en promenade dans la for\u00eat et s\u2019arr\u00eater \u00e0 midi pour pique-niquer? Et quoi de plus sympathique que de faire un feu pour griller un cervelas?<\/p>\n<p>Pour \u00e9viter que ce moment de plaisir ne devienne un cauchemar, il y a quelques r\u00e8gles \u00e0 respecter:<\/p>\n<p><strong>Avant le d\u00e9part:<\/strong><\/p>\n<ul>\n<li>S&#8217;informer du degr\u00e9 de danger local.<\/li>\n<li>Respecter imp\u00e9rativement les interdictions de faire du feu.<\/li>\n<li>Suivre les informations sur <a href=\"http:\/\/www.waldbrandgefahr.ch\/fr\/aktuelle-lage\" target=\"_blank\" rel=\"noopener noreferrer\">Internet<\/a>, \u00e0 la radio, \u00e0 la t\u00e9l\u00e9vision et dans les journaux.<span class=\"Apple-converted-space\">\u00a0<\/span><\/li>\n<\/ul>\n<p>&nbsp;<\/p>\n<p><strong>Une fois sur place:<\/strong><\/p>\n<ul>\n<li>Dans toute la mesure du possible, utiliser les foyers d\u00e9j\u00e0 existants.<\/li>\n<li>Il est permis de ramasser du bois sec aux alentours: les brindilles de r\u00e9sineux conviennent bien pour l\u2019allumage, les branches de feuillus plus \u00e9paisses fournissent de la braise. Laissez le bois pourri aux champignons et aux insectes: il g\u00e9n\u00e8re plus de fum\u00e9e que de feu. Sauf contre-indication, on peut se servir du bois mis \u00e0 disposition pr\u00e8s du foyer, avec la mod\u00e9ration qui s\u2019impose.<\/li>\n<li>Il est strictement interdit d\u2018endommager ou d\u2019abattre des arbres. Le bois \u00abvert\u00bb, en s\u00e8ve, br\u00fble de toute fa\u00e7on tr\u00e8s mal.<\/li>\n<li>Il est permis de pr\u00e9lever des pousses \u2013 de noisetier par exemple &#8211; pour fabriquer b\u00e2tons et brochettes.<\/li>\n<li>Le feu doit rester constamment sous surveillance.<\/li>\n<li><span style=\"color: #ff0000;\"><b>Eteignez compl\u00e8tement les flammes et les braises avant de partir.<\/b><\/span><\/li>\n<li>Renoncez \u00e0 allumer du feu par vent fort ou par temps sec.<\/li>\n<li>Les m\u00e9gots de cigarettes, les allumettes et autres d\u00e9chets n\u2019ont rien \u00e0 faire en for\u00eat.<\/li>\n<li><span style=\"color: #ff0000;\"><b>Signaler sans d\u00e9lai tout d\u00e9part de feu \u00e0 la centrale des pompiers 118<\/b><\/span><\/li>\n<\/ul>\n<p>&nbsp;<\/p>\n<p><em>Source: foretsuisse.ch<br \/>\n<\/em><em>Illustration: Silvan Wegmann<\/em>[\/vc_column_text][\/vc_column][\/vc_row]<\/p>\n","protected":false},"excerpt":{"rendered":"<p>[vc_row][vc_column][vc_single_image image=&#8221;703&#8243; img_size=&#8221;800&#215;579&#8243; alignment=&#8221;center&#8221;][vc_empty_space height=&#8221;20px&#8221;][vc_column_text]<br \/>\nGrillez vos cervelas, pas la for\u00eat!<br \/>\nUne fois les beaux jours arriv\u00e9s, qui n\u2019a jamais eu l\u2019id\u00e9e de partir en promenade dans la for\u00eat et s\u2019arr\u00eater \u00e0 midi pour pique-niquer? Et quoi de plus sympathique que de faire un feu pour griller un cervelas?<br \/>\nPour \u00e9viter que ce moment de plaisir ne devienne un cauchemar, il y a quelques r\u00e8gles \u00e0 respecter:<br \/>\nAvant le d\u00e9part:<\/p>\n<p>S&#8217;informer du degr\u00e9 de danger local.<br \/>\nRespecter imp\u00e9rativement les interdictions de faire du feu.<br \/>\nSuivre les informations [&#8230;]<\/p>\n","protected":false},"author":5,"featured_media":0,"parent":683,"menu_order":0,"comment_status":"closed","ping_status":"closed","template":"page-full-width.php","meta":[],"_links":{"self":[{"href":"https:\/\/www.sdis-etraz-region.ch\/index.php\/wp-json\/wp\/v2\/pages\/702"}],"collection":[{"href":"https:\/\/www.sdis-etraz-region.ch\/index.php\/wp-json\/wp\/v2\/pages"}],"about":[{"href":"https:\/\/www.sdis-etraz-region.ch\/index.php\/wp-json\/wp\/v2\/types\/page"}],"author":[{"embeddable":true,"href":"https:\/\/www.sdis-etraz-region.ch\/index.php\/wp-json\/wp\/v2\/users\/5"}],"replies":[{"embeddable":true,"href":"https:\/\/www.sdis-etraz-region.ch\/index.php\/wp-json\/wp\/v2\/comments?post=702"}],"version-history":[{"count":7,"href":"https:\/\/www.sdis-etraz-region.ch\/index.php\/wp-json\/wp\/v2\/pages\/702\/revisions"}],"predecessor-version":[{"id":715,"href":"https:\/\/www.sdis-etraz-region.ch\/index.php\/wp-json\/wp\/v2\/pages\/702\/revisions\/715"}],"up":[{"embeddable":true,"href":"https:\/\/www.sdis-etraz-region.ch\/index.php\/wp-json\/wp\/v2\/pages\/683"}],"wp:attachment":[{"href":"https:\/\/www.sdis-etraz-region.ch\/index.php\/wp-json\/wp\/v2\/media?parent=702"}],"curies":[{"name":"wp","href":"https:\/\/api.w.org\/{rel}","templated":true}]}}