{"id":575,"date":"2019-08-17T13:17:13","date_gmt":"2019-08-17T12:17:13","guid":{"rendered":"http:\/\/www.sdis-etraz-region.ch\/?page_id=575"},"modified":"2019-08-17T13:21:42","modified_gmt":"2019-08-17T12:21:42","slug":"reglements","status":"publish","type":"page","link":"https:\/\/www.sdis-etraz-region.ch\/index.php\/sdis\/organes-politiques\/reglements\/","title":{"rendered":"R\u00e8glements"},"content":{"rendered":"<p>[vc_row][vc_column][vc_column_text]R\u00e8glements<\/p>\n<p><a href=\"http:\/\/www.sdis-etraz-region.ch\/wp-content\/uploads\/2019\/08\/Reglement_du_Conseil_Intercommunal_du_SDIS_Etraz-Region.pdf\" target=\"_blank\">R\u00e8glement du Conseil Intercommunal du SDIS Etraz-R\u00e9gion<\/a> (Sign\u00e9 le 23.11.2018) (PDF 8.1 Mo)<\/p>\n<p><a href=\"http:\/\/www.sdis-etraz-region.ch\/wp-content\/uploads\/2019\/08\/Reglement_Assoc_Intercommunale_SDIS_Etraz-Region.pdf\" target=\"_blank\">R\u00e8glement de l&#8217;Association Intercommunale du SDIS Etraz-R\u00e9gion<\/a> (Approuv\u00e9 le 23.12.2014) (PDF 2.4 Mo)<\/p>\n<p><a href=\"http:\/\/www.sdis-etraz-region.ch\/wp-content\/uploads\/2019\/06\/Annexe_I_au_Reglement_Assoc_Intercommunale_SDIS_Etraz-Region.pdf\" target=\"_blank\">Annexe 1 au R\u00e8glement de l&#8217;Association Intercommunale du SDIS Etraz-R\u00e9gion<\/a> (Approuv\u00e9 le 23.12.2014) (PDF 772 Ko)[\/vc_column_text][\/vc_column][\/vc_row]<\/p>\n","protected":false},"excerpt":{"rendered":"<p>[vc_row][vc_column][vc_column_text]R\u00e8glements<br \/>\nR\u00e8glement du Conseil Intercommunal du SDIS Etraz-R\u00e9gion (Sign\u00e9 le 23.11.2018) (PDF 8.1 Mo)<br \/>\nR\u00e8glement de l&#8217;Association Intercommunale du SDIS Etraz-R\u00e9gion (Approuv\u00e9 le 23.12.2014) (PDF 2.4 Mo)<br \/>\nAnnexe 1 au R\u00e8glement de l&#8217;Association Intercommunale du SDIS Etraz-R\u00e9gion (Approuv\u00e9 le 23.12.2014) (PDF 772 Ko)[\/vc_column_text][\/vc_column][\/vc_row]<\/p>\n","protected":false},"author":5,"featured_media":0,"parent":403,"menu_order":0,"comment_status":"closed","ping_status":"closed","template":"page-full-width.php","meta":[],"_links":{"self":[{"href":"https:\/\/www.sdis-etraz-region.ch\/index.php\/wp-json\/wp\/v2\/pages\/575"}],"collection":[{"href":"https:\/\/www.sdis-etraz-region.ch\/index.php\/wp-json\/wp\/v2\/pages"}],"about":[{"href":"https:\/\/www.sdis-etraz-region.ch\/index.php\/wp-json\/wp\/v2\/types\/page"}],"author":[{"embeddable":true,"href":"https:\/\/www.sdis-etraz-region.ch\/index.php\/wp-json\/wp\/v2\/users\/5"}],"replies":[{"embeddable":true,"href":"https:\/\/www.sdis-etraz-region.ch\/index.php\/wp-json\/wp\/v2\/comments?post=575"}],"version-history":[{"count":3,"href":"https:\/\/www.sdis-etraz-region.ch\/index.php\/wp-json\/wp\/v2\/pages\/575\/revisions"}],"predecessor-version":[{"id":601,"href":"https:\/\/www.sdis-etraz-region.ch\/index.php\/wp-json\/wp\/v2\/pages\/575\/revisions\/601"}],"up":[{"embeddable":true,"href":"https:\/\/www.sdis-etraz-region.ch\/index.php\/wp-json\/wp\/v2\/pages\/403"}],"wp:attachment":[{"href":"https:\/\/www.sdis-etraz-region.ch\/index.php\/wp-json\/wp\/v2\/media?parent=575"}],"curies":[{"name":"wp","href":"https:\/\/api.w.org\/{rel}","templated":true}]}}