{"id":569,"date":"2019-06-18T21:22:41","date_gmt":"2019-06-18T20:22:41","guid":{"rendered":"http:\/\/www.sdis-etraz-region.ch\/?page_id=569"},"modified":"2024-10-17T19:27:55","modified_gmt":"2024-10-17T18:27:55","slug":"organisation","status":"publish","type":"page","link":"https:\/\/www.sdis-etraz-region.ch\/index.php\/sdis\/organes-politiques\/organisation\/","title":{"rendered":"Organisation"},"content":{"rendered":"<p>[vc_row][vc_column][vc_column_text]Chaque Municipalit\u00e9 concern\u00e9e et couverte par le SDIS Etraz-R\u00e9gion compte 1 d\u00e9l\u00e9gu\u00e9(e) dans l\u2019Association intercommunale, soit 28 personnes au total. Le Comit\u00e9 Directeur (CODIR) est l&#8217;organe ex\u00e9cutif de l&#8217;assembl\u00e9e. Il est form\u00e9 de 7 personnes \u00e9lues, issues de municipalit\u00e9s de la r\u00e9gion.<\/p>\n<p>&nbsp;<\/p>\n<p><u>Assembl\u00e9e de communes<\/u><\/p>\n<p>Pr\u00e9sident \u00a0 \u00a0 \u00a0 \u00a0 \u00a0 \u00a0 \u00a0 \u00a0 \u00a0M. Jacques Cauderay \u00a0 \u00a0 \u00a0 \u00a0 \u00a0 \u00a0 \u00a0 \u00a0 \u00a0 \u00a0 \u00a0 \u00a0 \u00a0 \u00a0 \u00a0 \u00a0 \u00a0Municipal \u00e0 Allaman<\/p>\n<p>Vice-Pr\u00e9sident \u00a0 \u00a0 \u00a0 \u00a0 M. Jean-Emile Humbert \u00a0 \u00a0 \u00a0 \u00a0 \u00a0 \u00a0 \u00a0 \u00a0 \u00a0 \u00a0 \u00a0 \u00a0 \u00a0 Municipal \u00e0 Marchissy<\/p>\n<p>&nbsp;<\/p>\n<p>&nbsp;<\/p>\n<p><u>CODIR<\/u><\/p>\n<p>Pr\u00e9sident \u00a0 \u00a0 \u00a0 \u00a0 \u00a0 \u00a0 \u00a0 \u00a0 M. Pierre-Yves Morel \u00a0 \u00a0 \u00a0 \u00a0 \u00a0 \u00a0 \u00a0 \u00a0 \u00a0 \u00a0 \u00a0 \u00a0 \u00a0 \u00a0 \u00a0 \u00a0 Municipal \u00e0 Montricher<\/p>\n<p>Membre\u00a0\u00a0\u00a0\u00a0\u00a0\u00a0\u00a0\u00a0\u00a0\u00a0\u00a0\u00a0\u00a0\u00a0\u00a0\u00a0\u00a0\u00a0 M. Yves Charri\u00e8re. \u00a0 \u00a0 \u00a0 \u00a0 \u00a0 \u00a0 \u00a0 \u00a0 \u00a0 \u00a0 \u00a0 \u00a0 \u00a0 \u00a0 \u00a0 \u00a0 \u00a0 \u00a0 \u00a0Syndic d&#8217;Aubonne<\/p>\n<p>Membre \u00a0 \u00a0 \u00a0 \u00a0 \u00a0 \u00a0 \u00a0 \u00a0 \u00a0\u00a0M. Michel D\u00e9n\u00e9r\u00e9az \u00a0 \u00a0 \u00a0 \u00a0 \u00a0 \u00a0 \u00a0 \u00a0 \u00a0 \u00a0 \u00a0 \u00a0 \u00a0 \u00a0 \u00a0 \u00a0 \u00a0 \u00a0Syndic de Bi\u00e8re<\/p>\n<p>Membre \u00a0 \u00a0 \u00a0 \u00a0 \u00a0 \u00a0 \u00a0 \u00a0 \u00a0 Mme Margareth Ruchti \u00a0 \u00a0 \u00a0 \u00a0 \u00a0 \u00a0 \u00a0 \u00a0 \u00a0 \u00a0 \u00a0 \u00a0 \u00a0 \u00a0Municipale \u00e0 Rolle<\/p>\n<p>Membre \u00a0 \u00a0 \u00a0 \u00a0 \u00a0 \u00a0 \u00a0 \u00a0 \u00a0\u00a0Mme Florence Pernet \u00a0 \u00a0 \u00a0 \u00a0 \u00a0 \u00a0 \u00a0 \u00a0 \u00a0 \u00a0 \u00a0 \u00a0 \u00a0 \u00a0 \u00a0 \u00a0Municipale \u00e0 Dully<\/p>\n<p>Membre \u00a0 \u00a0 \u00a0 \u00a0 \u00a0 \u00a0 \u00a0 \u00a0 \u00a0\u00a0M. Philippe Reymond \u00a0 \u00a0 \u00a0 \u00a0 \u00a0 \u00a0 \u00a0 \u00a0 \u00a0 \u00a0 \u00a0 \u00a0 \u00a0 \u00a0 \u00a0 \u00a0Municipal \u00e0 Gimel<\/p>\n<p>Membre \u00a0 \u00a0 \u00a0 \u00a0 \u00a0 \u00a0 \u00a0 \u00a0 \u00a0 M. Andr\u00e9 Vietti \u00a0 \u00a0 \u00a0 \u00a0 \u00a0 \u00a0 \u00a0 \u00a0 \u00a0 \u00a0 \u00a0 \u00a0 \u00a0 \u00a0 \u00a0 \u00a0 \u00a0 \u00a0 \u00a0 \u00a0 \u00a0 Municipal \u00e0 Longirod<\/p>\n<p>&nbsp;<\/p>\n<p>Secr\u00e9taire\u00a0\u00a0\u00a0\u00a0\u00a0\u00a0\u00a0\u00a0\u00a0\u00a0\u00a0\u00a0\u00a0\u00a0\u00a0 Mme Muriel Carrard<\/p>\n<p>Boursi\u00e8re\u00a0\u00a0\u00a0\u00a0\u00a0\u00a0\u00a0\u00a0\u00a0\u00a0\u00a0\u00a0\u00a0\u00a0\u00a0\u00a0 Mme Pascale Ducret[\/vc_column_text][\/vc_column][\/vc_row][vc_row][vc_column][vc_single_image image=&#8221;1910&#8243; img_size=&#8221;large&#8221; alignment=&#8221;center&#8221; onclick=&#8221;link_image&#8221;][vc_single_image image=&#8221;2062&#8243; img_size=&#8221;large&#8221; alignment=&#8221;center&#8221;][\/vc_column][\/vc_row]<\/p>\n","protected":false},"excerpt":{"rendered":"<p>[vc_row][vc_column][vc_column_text]Chaque Municipalit\u00e9 concern\u00e9e et couverte par le SDIS Etraz-R\u00e9gion compte 1 d\u00e9l\u00e9gu\u00e9(e) dans l\u2019Association intercommunale, soit 28 personnes au total. Le Comit\u00e9 Directeur (CODIR) est l&#8217;organe ex\u00e9cutif de l&#8217;assembl\u00e9e. Il est form\u00e9 de 7 personnes \u00e9lues, issues de municipalit\u00e9s de la r\u00e9gion.<br \/>\n&nbsp;<br \/>\nAssembl\u00e9e de communes<br \/>\nPr\u00e9sident \u00a0 \u00a0 \u00a0 \u00a0 \u00a0 \u00a0 \u00a0 \u00a0 \u00a0M. Jacques Cauderay \u00a0 \u00a0 \u00a0 \u00a0 \u00a0 \u00a0 \u00a0 \u00a0 \u00a0 \u00a0 \u00a0 \u00a0 \u00a0 \u00a0 \u00a0 \u00a0 \u00a0Municipal \u00e0 Allaman<br \/>\nVice-Pr\u00e9sident \u00a0 \u00a0 \u00a0 \u00a0 M. Jean-Emile [&#8230;]<\/p>\n","protected":false},"author":5,"featured_media":0,"parent":403,"menu_order":0,"comment_status":"closed","ping_status":"closed","template":"page-full-width.php","meta":[],"_links":{"self":[{"href":"https:\/\/www.sdis-etraz-region.ch\/index.php\/wp-json\/wp\/v2\/pages\/569"}],"collection":[{"href":"https:\/\/www.sdis-etraz-region.ch\/index.php\/wp-json\/wp\/v2\/pages"}],"about":[{"href":"https:\/\/www.sdis-etraz-region.ch\/index.php\/wp-json\/wp\/v2\/types\/page"}],"author":[{"embeddable":true,"href":"https:\/\/www.sdis-etraz-region.ch\/index.php\/wp-json\/wp\/v2\/users\/5"}],"replies":[{"embeddable":true,"href":"https:\/\/www.sdis-etraz-region.ch\/index.php\/wp-json\/wp\/v2\/comments?post=569"}],"version-history":[{"count":16,"href":"https:\/\/www.sdis-etraz-region.ch\/index.php\/wp-json\/wp\/v2\/pages\/569\/revisions"}],"predecessor-version":[{"id":2063,"href":"https:\/\/www.sdis-etraz-region.ch\/index.php\/wp-json\/wp\/v2\/pages\/569\/revisions\/2063"}],"up":[{"embeddable":true,"href":"https:\/\/www.sdis-etraz-region.ch\/index.php\/wp-json\/wp\/v2\/pages\/403"}],"wp:attachment":[{"href":"https:\/\/www.sdis-etraz-region.ch\/index.php\/wp-json\/wp\/v2\/media?parent=569"}],"curies":[{"name":"wp","href":"https:\/\/api.w.org\/{rel}","templated":true}]}}