{"id":391,"date":"2018-11-20T20:47:44","date_gmt":"2018-11-20T19:47:44","guid":{"rendered":"http:\/\/www.sdis-etraz-region.ch\/?page_id=391"},"modified":"2025-11-18T12:22:03","modified_gmt":"2025-11-18T11:22:03","slug":"organisation","status":"publish","type":"page","link":"https:\/\/www.sdis-etraz-region.ch\/index.php\/sdis\/organisation\/","title":{"rendered":"Organisation"},"content":{"rendered":"<p>[vc_row][vc_column][vc_column_text]<\/p>\n<h2>Le SDIS Etraz-R\u00e9gion, c&#8217;est :<\/h2>\n<p>[\/vc_column_text][\/vc_column][vc_column width=&#8221;1\/2&#8243;][vc_column_text]<\/p>\n<h5>4 centres DPS (D\u00e9tachement de premier secours) :<\/h5>\n<ul>\n<li>Aubonne<\/li>\n<li>Bi\u00e8re<\/li>\n<li>Gimel<\/li>\n<li>Rolle<\/li>\n<\/ul>\n<p>[\/vc_column_text][\/vc_column][vc_column width=&#8221;1\/2&#8243;][vc_column_text]<\/p>\n<h5>4 DAP (D\u00e9tachement d&#8217;appui) :<\/h5>\n<ul>\n<li>Aubonne<\/li>\n<li>Gilly<\/li>\n<li>Longirod<\/li>\n<li>Bi\u00e8re<\/li>\n<\/ul>\n<p>[\/vc_column_text][\/vc_column][\/vc_row][vc_row][vc_column][vc_separator style=&#8221;shadow&#8221;][vc_empty_space height=&#8221;16px&#8221;][vc_column_text]<\/p>\n<p style=\"text-align: center;\"><strong>ZONE D&#8217;ACTION ETRAZ-REGION<\/strong><\/p>\n<p>[\/vc_column_text][vc_single_image image=&#8221;2272&#8243; img_size=&#8221;large&#8221; alignment=&#8221;center&#8221;][vc_empty_space][vc_separator style=&#8221;shadow&#8221;][vc_single_image image=&#8221;506&#8243; img_size=&#8221;600&#215;544&#8243; alignment=&#8221;center&#8221;][vc_empty_space][vc_separator style=&#8221;shadow&#8221;][vc_column_text]Le canton de Vaud est d\u00e9coup\u00e9 en r\u00e9gions, chacune est couverte par un service de d\u00e9fense contre l&#8217;incendie et de secours (SDIS). Le d\u00e9tachement de premier secours (DPS) est compos\u00e9 de sapeurs-pompiers form\u00e9s et \u00e9quip\u00e9s pour garantir en tout temps la capacit\u00e9 de premi\u00e8re intervention dans leur secteur.<\/p>\n<p>SDIS Etraz-R\u00e9gion est compos\u00e9 de 28 communes, r\u00e9actif aux demandes d\u2019intervention les \u00e9quipes de premier secours sont compos\u00e9es de sapeurs-pompiers au b\u00e9n\u00e9fice d&#8217;une formation sp\u00e9cifique et dot\u00e9s de moyens performants.[\/vc_column_text][vc_empty_space][vc_separator style=&#8221;shadow&#8221;][vc_column_text]<strong>C\u2019est environ 215 sapeurs-pompiers volontaires qui sont pr\u00eats \u00e0 intervenir 24h\/24.<\/strong>[\/vc_column_text][\/vc_column][\/vc_row][vc_row][vc_column width=&#8221;1\/2&#8243;][vc_column_text]<strong>1997<\/strong>, l\u2019ECA re\u00e7oit le mandat des autorit\u00e9s vaudoises d\u2019organiser, instruire et financer la d\u00e9fense incendie, le projet <strong>SDIS 2000 <\/strong>veut am\u00e9liorer la gestion des interventions, renforcer l\u2019efficacit\u00e9, d\u00e9velopper des synergies et r\u00e9partir les moyens.<\/p>\n<p><strong>2001<\/strong>, <strong>SDIS Evolution <\/strong>remplace SDIS 2000 pour poursuivre les r\u00e9formes avec un plan directeur, une nouvelle organisation g\u00e9ographique toujours dans le but d\u2019obtenir une efficacit\u00e9 op\u00e9rationnelle \u00e0 l\u2019aide d\u2019ad\u00e9quation dans les ressources humaines et dans l\u2019\u00e9quipement.<\/p>\n<p><strong>2005<\/strong><strong>, <\/strong>la campagne d\u2019information SDIS Evolution prend fin. Les travaux de mise en application se poursuivent.[\/vc_column_text][\/vc_column][vc_column width=&#8221;1\/2&#8243;][vc_column_text]<strong>2010<\/strong><strong>, <\/strong>le 2 mars, la <strong>LSDIS<\/strong> est accept\u00e9e par le Grand Conseil. Des sapeurs de notre future entit\u00e9 se regroupent pour plancher sur l\u2019organisation du futur SDIS.<\/p>\n<p><strong>2011<\/strong><strong>, <\/strong>la LSDIS et son r\u00e8glement d\u2019application (<strong>RLSDIS<\/strong>) entrent en vigueur le 1<sup>er<\/sup>janvier. Les communes ont maintenant 3 ans pour s\u2019organiser.<\/p>\n<p><strong>2012<\/strong>, un comit\u00e9 de pilotage (<strong>COPIL<\/strong>), compos\u00e9 d\u2019\u00e9lus locaux, est nomm\u00e9 pour travailler sur le r\u00e8glement de l\u2019association de communes. Du c\u00f4t\u00e9 des pompiers, le travail des diff\u00e9rentes commissions est frein\u00e9 en attente de la votation par les communes du futur r\u00e8glement. Le futur SDIS se trouve un nom, se sera <strong>ETRAZ-R\u00e9gion<\/strong> !<\/p>\n<p><strong>2013<\/strong>, en novembre, le r\u00e8glement est enfin adopt\u00e9 par l\u2019ensemble des 29 communes. Avant de se dissoudre, le COPIL nomme un comit\u00e9 directeur (<strong>CODIR<\/strong>) qui est l\u2019entit\u00e9 politique de notre SDIS.[\/vc_column_text][\/vc_column][\/vc_row]<\/p>\n","protected":false},"excerpt":{"rendered":"<p>[vc_row][vc_column][vc_column_text]<br \/>\nLe SDIS Etraz-R\u00e9gion, c&#8217;est :<br \/>\n[\/vc_column_text][\/vc_column][vc_column width=&#8221;1\/2&#8243;][vc_column_text]<br \/>\n4 centres DPS (D\u00e9tachement de premier secours) :<\/p>\n<p>Aubonne<br \/>\nBi\u00e8re<br \/>\nGimel<br \/>\nRolle<\/p>\n<p>[\/vc_column_text][\/vc_column][vc_column width=&#8221;1\/2&#8243;][vc_column_text]<br \/>\n4 DAP (D\u00e9tachement d&#8217;appui) :<\/p>\n<p>Aubonne<br \/>\nGilly<br \/>\nLongirod<br \/>\nBi\u00e8re<\/p>\n<p>[\/vc_column_text][\/vc_column][\/vc_row][vc_row][vc_column][vc_separator style=&#8221;shadow&#8221;][vc_empty_space height=&#8221;16px&#8221;][vc_column_text]<br \/>\nZONE D&#8217;ACTION ETRAZ-REGION<br \/>\n[\/vc_column_text][vc_single_image image=&#8221;2272&#8243; img_size=&#8221;large&#8221; alignment=&#8221;center&#8221;][vc_empty_space][vc_separator style=&#8221;shadow&#8221;][vc_single_image image=&#8221;506&#8243; img_size=&#8221;600&#215;544&#8243; alignment=&#8221;center&#8221;][vc_empty_space][vc_separator style=&#8221;shadow&#8221;][vc_column_text]Le canton de Vaud est d\u00e9coup\u00e9 en r\u00e9gions, chacune est couverte par un service de d\u00e9fense contre l&#8217;incendie et de secours (SDIS). Le d\u00e9tachement de premier secours (DPS) est compos\u00e9 de sapeurs-pompiers form\u00e9s et \u00e9quip\u00e9s pour garantir en tout temps la capacit\u00e9 de premi\u00e8re intervention dans leur secteur.<br \/>\nSDIS Etraz-R\u00e9gion est compos\u00e9 [&#8230;]<\/p>\n","protected":false},"author":5,"featured_media":0,"parent":364,"menu_order":0,"comment_status":"closed","ping_status":"closed","template":"page-full-width.php","meta":[],"_links":{"self":[{"href":"https:\/\/www.sdis-etraz-region.ch\/index.php\/wp-json\/wp\/v2\/pages\/391"}],"collection":[{"href":"https:\/\/www.sdis-etraz-region.ch\/index.php\/wp-json\/wp\/v2\/pages"}],"about":[{"href":"https:\/\/www.sdis-etraz-region.ch\/index.php\/wp-json\/wp\/v2\/types\/page"}],"author":[{"embeddable":true,"href":"https:\/\/www.sdis-etraz-region.ch\/index.php\/wp-json\/wp\/v2\/users\/5"}],"replies":[{"embeddable":true,"href":"https:\/\/www.sdis-etraz-region.ch\/index.php\/wp-json\/wp\/v2\/comments?post=391"}],"version-history":[{"count":38,"href":"https:\/\/www.sdis-etraz-region.ch\/index.php\/wp-json\/wp\/v2\/pages\/391\/revisions"}],"predecessor-version":[{"id":2275,"href":"https:\/\/www.sdis-etraz-region.ch\/index.php\/wp-json\/wp\/v2\/pages\/391\/revisions\/2275"}],"up":[{"embeddable":true,"href":"https:\/\/www.sdis-etraz-region.ch\/index.php\/wp-json\/wp\/v2\/pages\/364"}],"wp:attachment":[{"href":"https:\/\/www.sdis-etraz-region.ch\/index.php\/wp-json\/wp\/v2\/media?parent=391"}],"curies":[{"name":"wp","href":"https:\/\/api.w.org\/{rel}","templated":true}]}}