{"id":366,"date":"2018-11-12T14:42:59","date_gmt":"2018-11-12T13:42:59","guid":{"rendered":"http:\/\/www.sdis-etraz-region.ch\/?page_id=366"},"modified":"2020-02-10T21:08:03","modified_gmt":"2020-02-10T20:08:03","slug":"formation","status":"publish","type":"page","link":"https:\/\/www.sdis-etraz-region.ch\/index.php\/formation\/","title":{"rendered":"FORMATION"},"content":{"rendered":"<p>[vc_row][vc_column][vc_column_text]<strong>EXPLICATIONS G\u00c9N\u00c9RALES<\/strong><\/p>\n<p>Les sapeurs-pompiers volontaires SDIS Etraz-R\u00e9gion s\u2019entrainent toute l\u2019ann\u00e9e afin de permettre le maintien des connaissances acquises, l\u2019adaptation aux fonctions et sp\u00e9cialisations, ainsi que la ma\u00eetrise du nouveau mat\u00e9riel.<br \/>\nCes exercices sont obligatoires pour tous les pompiers 1 fois par mois :<\/p>\n<p><strong>Utilisation des appareils respiratoires (APR)<\/strong> : pour mettre en pratique les situations de recherche en milieu confin\u00e9 (bruits, fum\u00e9e, chaleur). Les exercices se d\u00e9roulent dans des locaux sp\u00e9cialement am\u00e9nag\u00e9s<strong> \u00e0 la Rama, Montheron.<\/strong> Un instructeur fait des contr\u00f4les pr\u00e9cis du comportement du porteur de l\u2019appareil respiratoire.<\/p>\n<p><strong>Utilisateurs sacs antichute :<\/strong> Le mat\u00e9riel utilis\u00e9 est technique, il est important de le revoir en effectuant des progressions sur toits plats, sur toits en pentes et lors de descente en talus.<\/p>\n<p><strong>Conduite des v\u00e9hicules de la flotte SDIS Etraz R\u00e9gion <\/strong>: 1 heure par mois, courses en ville, man\u0153uvres. Ces exercices de conduite ont \u00e9galement pour but d\u2019introduire du nouveau mat\u00e9riel et de le tester avant les interventions.[\/vc_column_text][\/vc_column][\/vc_row]<\/p>\n","protected":false},"excerpt":{"rendered":"<p>[vc_row][vc_column][vc_column_text]EXPLICATIONS G\u00c9N\u00c9RALES<br \/>\nLes sapeurs-pompiers volontaires SDIS Etraz-R\u00e9gion s\u2019entrainent toute l\u2019ann\u00e9e afin de permettre le maintien des connaissances acquises, l\u2019adaptation aux fonctions et sp\u00e9cialisations, ainsi que la ma\u00eetrise du nouveau mat\u00e9riel.<br \/>\nCes exercices sont obligatoires pour tous les pompiers 1 fois par mois :<br \/>\nUtilisation des appareils respiratoires (APR) : pour mettre en pratique les situations de recherche en milieu confin\u00e9 (bruits, fum\u00e9e, chaleur). Les exercices se d\u00e9roulent dans des locaux sp\u00e9cialement am\u00e9nag\u00e9s \u00e0 la Rama, Montheron. Un instructeur fait des contr\u00f4les pr\u00e9cis du [&#8230;]<\/p>\n","protected":false},"author":1,"featured_media":0,"parent":0,"menu_order":0,"comment_status":"closed","ping_status":"closed","template":"page-full-width.php","meta":[],"_links":{"self":[{"href":"https:\/\/www.sdis-etraz-region.ch\/index.php\/wp-json\/wp\/v2\/pages\/366"}],"collection":[{"href":"https:\/\/www.sdis-etraz-region.ch\/index.php\/wp-json\/wp\/v2\/pages"}],"about":[{"href":"https:\/\/www.sdis-etraz-region.ch\/index.php\/wp-json\/wp\/v2\/types\/page"}],"author":[{"embeddable":true,"href":"https:\/\/www.sdis-etraz-region.ch\/index.php\/wp-json\/wp\/v2\/users\/1"}],"replies":[{"embeddable":true,"href":"https:\/\/www.sdis-etraz-region.ch\/index.php\/wp-json\/wp\/v2\/comments?post=366"}],"version-history":[{"count":9,"href":"https:\/\/www.sdis-etraz-region.ch\/index.php\/wp-json\/wp\/v2\/pages\/366\/revisions"}],"predecessor-version":[{"id":645,"href":"https:\/\/www.sdis-etraz-region.ch\/index.php\/wp-json\/wp\/v2\/pages\/366\/revisions\/645"}],"wp:attachment":[{"href":"https:\/\/www.sdis-etraz-region.ch\/index.php\/wp-json\/wp\/v2\/media?parent=366"}],"curies":[{"name":"wp","href":"https:\/\/api.w.org\/{rel}","templated":true}]}}